{"id":579,"date":"2019-11-10T13:13:51","date_gmt":"2019-11-10T11:13:51","guid":{"rendered":"https:\/\/kassel-ebb.eu\/?page_id=579"},"modified":"2019-12-22T12:25:01","modified_gmt":"2019-12-22T10:25:01","slug":"i-%e2%9d%a4%ef%b8%8f-kassel","status":"publish","type":"page","link":"https:\/\/kassel-ebb.eu\/?page_id=579&lang=de","title":{"rendered":"I \u2764\ufe0f Kassel"},"content":{"rendered":"\n<div class=\"wp-block-media-text alignwide has-media-on-the-right\"><figure class=\"wp-block-media-text__media\"><img fetchpriority=\"high\" decoding=\"async\" width=\"1024\" height=\"833\" src=\"https:\/\/kassel-ebb.eu\/wp-content\/uploads\/2019\/11\/i_love_ks_7-e1573383358520-1024x833.jpg\" alt=\"\" class=\"wp-image-586\" srcset=\"https:\/\/kassel-ebb.eu\/wp-content\/uploads\/2019\/11\/i_love_ks_7-e1573383358520-1024x833.jpg 1024w, https:\/\/kassel-ebb.eu\/wp-content\/uploads\/2019\/11\/i_love_ks_7-e1573383358520-300x244.jpg 300w, https:\/\/kassel-ebb.eu\/wp-content\/uploads\/2019\/11\/i_love_ks_7-e1573383358520-768x625.jpg 768w, https:\/\/kassel-ebb.eu\/wp-content\/uploads\/2019\/11\/i_love_ks_7-e1573383358520.jpg 1402w\" sizes=\"(max-width: 1024px) 100vw, 1024px\" \/><\/figure><div class=\"wp-block-media-text__content\">\n<p>Immer, wenn der Reisende die letzte Biegung nimmt, egal aus welcher Himmelsrichtung er kommt, wenn hoch \u00fcber den H\u00f6hen des Habichtswaldes die Monumentalstatue des Herkules auftaucht, dann versp\u00fcrt der sehende Mensch ein leises Herzklopfen.<\/p>\n<\/div><\/div>\n\n\n\n<div class=\"wp-block-media-text alignwide has-media-on-the-right\"><figure class=\"wp-block-media-text__media\"><img decoding=\"async\" width=\"435\" height=\"316\" src=\"https:\/\/kassel-ebb.eu\/wp-content\/uploads\/2019\/11\/i_love_ks_13-e1573383316440.jpg\" alt=\"\" class=\"wp-image-592\" srcset=\"https:\/\/kassel-ebb.eu\/wp-content\/uploads\/2019\/11\/i_love_ks_13-e1573383316440.jpg 435w, https:\/\/kassel-ebb.eu\/wp-content\/uploads\/2019\/11\/i_love_ks_13-e1573383316440-300x218.jpg 300w\" sizes=\"(max-width: 435px) 100vw, 435px\" \/><\/figure><div class=\"wp-block-media-text__content\">\n<p>Nach Westen ausgerichtet verl\u00e4uft die Linie des bewaldeten Berges, wie von spielerischer Hand gezeichnet, am Horizont dahin. Und anmutig umgeben von den bewaldeten H\u00f6hen, in einer eleganten Linie durchflossen vom Fluss der Fulda, breitet sich vor ihm die Stadt im Kasseler Becken aus, umringt von.den einzelnen Ortschaften des Landkreis Kassel.<\/p>\n<\/div><\/div>\n\n\n\n<div class=\"wp-block-media-text alignwide has-media-on-the-right\" style=\"grid-template-columns:auto 22%\"><figure class=\"wp-block-media-text__media\"><img decoding=\"async\" width=\"1024\" height=\"853\" src=\"https:\/\/kassel-ebb.eu\/wp-content\/uploads\/2019\/11\/i_love_ks_8-1024x853.jpg\" alt=\"\" class=\"wp-image-587\" srcset=\"https:\/\/kassel-ebb.eu\/wp-content\/uploads\/2019\/11\/i_love_ks_8-1024x853.jpg 1024w, https:\/\/kassel-ebb.eu\/wp-content\/uploads\/2019\/11\/i_love_ks_8-300x250.jpg 300w, https:\/\/kassel-ebb.eu\/wp-content\/uploads\/2019\/11\/i_love_ks_8-768x640.jpg 768w, https:\/\/kassel-ebb.eu\/wp-content\/uploads\/2019\/11\/i_love_ks_8-1600x1333.jpg 1600w\" sizes=\"(max-width: 1024px) 100vw, 1024px\" \/><\/figure><div class=\"wp-block-media-text__content\">\n<p> Kassel ist nordhessische Metropole. Es ist Mittelpunkt einer gro\u00dfen Region. Fernstra\u00dfen mit so aufschlussreichen Namen wie \u201eHoll\u00e4ndische\u201c, \u201eFrankfurter\u201c oder \u201eLeipziger\u201c Stra\u00dfe f\u00fchren strahlenf\u00f6rmig in die Stadt hinein. Sie ist umgeben von Autobahnen und einem nah- und fern verbindendem Schienennetz<\/p>\n<\/div><\/div>\n\n\n\n<p>Kassel als Wirtschaftszentrum ist ein Verkehrsknotenpunkt, aber Kassel ist dar\u00fcber hinaus eine kulturelle Metropole. Denn die Stadt blickt auf eine mehr als tausendj\u00e4hrige Geschichte zur\u00fcck, die zahlreiche Spuren im Stadtgebiet hinterlassen hat.<\/p>\n\n\n\n<div class=\"wp-block-media-text alignwide\"><figure class=\"wp-block-media-text__media\"><img loading=\"lazy\" decoding=\"async\" width=\"1024\" height=\"683\" src=\"https:\/\/kassel-ebb.eu\/wp-content\/uploads\/2019\/11\/i_love_ks_2-1024x683.jpg\" alt=\"\" class=\"wp-image-581\" srcset=\"https:\/\/kassel-ebb.eu\/wp-content\/uploads\/2019\/11\/i_love_ks_2-1024x683.jpg 1024w, https:\/\/kassel-ebb.eu\/wp-content\/uploads\/2019\/11\/i_love_ks_2-300x200.jpg 300w, https:\/\/kassel-ebb.eu\/wp-content\/uploads\/2019\/11\/i_love_ks_2-768x512.jpg 768w, https:\/\/kassel-ebb.eu\/wp-content\/uploads\/2019\/11\/i_love_ks_2-1600x1067.jpg 1600w\" sizes=\"(max-width: 1024px) 100vw, 1024px\" \/><\/figure><div class=\"wp-block-media-text__content\">\n<p>Eindrucksvollstes Beispiel daf\u00fcr ist der Bergpark an den H\u00e4ngen des Habichtswaldes mit Schlo\u00df Wilhelmsh\u00f6he und seinen 300 Jahre alten, und immer noch funktionierenden, Wasserspielen.<\/p>\n<\/div><\/div>\n\n\n\n<div class=\"wp-block-media-text alignwide has-media-on-the-right\" style=\"grid-template-columns:auto 48%\"><figure class=\"wp-block-media-text__media\"><img loading=\"lazy\" decoding=\"async\" width=\"683\" height=\"1024\" src=\"https:\/\/kassel-ebb.eu\/wp-content\/uploads\/2019\/11\/i_love_ks_4-683x1024.jpg\" alt=\"\" class=\"wp-image-583\" srcset=\"https:\/\/kassel-ebb.eu\/wp-content\/uploads\/2019\/11\/i_love_ks_4-683x1024.jpg 683w, https:\/\/kassel-ebb.eu\/wp-content\/uploads\/2019\/11\/i_love_ks_4-200x300.jpg 200w, https:\/\/kassel-ebb.eu\/wp-content\/uploads\/2019\/11\/i_love_ks_4-768x1152.jpg 768w, https:\/\/kassel-ebb.eu\/wp-content\/uploads\/2019\/11\/i_love_ks_4-1600x2400.jpg 1600w, https:\/\/kassel-ebb.eu\/wp-content\/uploads\/2019\/11\/i_love_ks_4.jpg 1667w\" sizes=\"(max-width: 683px) 100vw, 683px\" \/><\/figure><div class=\"wp-block-media-text__content\">\n<p>Der Bergpark Wilhelmsh\u00f6he ist einerseits m\u00f6bliert mit diversen Bauwerken, dem gleichnamigen Schloss, dem schon erw\u00e4hnten Herkules, der l\u00e4ssig auf seine Keule gelehnt, auf seinem \u201eRiesenschloss\u201c steht, dem Oktogon, mit den Kaskaden, dem Aqu\u00e4dukt, mit der romantisch k\u00fcnstlichen Burgruine \u201eL\u00f6wenburg\u201c, und anderen baulichen Sch\u00e4tzchen.<\/p>\n<\/div><\/div>\n\n\n\n<div class=\"wp-block-media-text alignwide\" style=\"grid-template-columns:46% auto\"><figure class=\"wp-block-media-text__media\"><img loading=\"lazy\" decoding=\"async\" width=\"1024\" height=\"683\" src=\"https:\/\/kassel-ebb.eu\/wp-content\/uploads\/2019\/11\/i_love_ks_5-1024x683.jpg\" alt=\"\" class=\"wp-image-584\" srcset=\"https:\/\/kassel-ebb.eu\/wp-content\/uploads\/2019\/11\/i_love_ks_5-1024x683.jpg 1024w, https:\/\/kassel-ebb.eu\/wp-content\/uploads\/2019\/11\/i_love_ks_5-300x200.jpg 300w, https:\/\/kassel-ebb.eu\/wp-content\/uploads\/2019\/11\/i_love_ks_5-768x512.jpg 768w, https:\/\/kassel-ebb.eu\/wp-content\/uploads\/2019\/11\/i_love_ks_5-1600x1067.jpg 1600w, https:\/\/kassel-ebb.eu\/wp-content\/uploads\/2019\/11\/i_love_ks_5.jpg 1800w\" sizes=\"(max-width: 1024px) 100vw, 1024px\" \/><\/figure><div class=\"wp-block-media-text__content\">\n<p>Anderseits besitzt der gr\u00f6\u00dfte Bergpark Europas aber auch einen Schatz an Pflanzen und B\u00e4umen und l\u00e4dt ein auf vielf\u00e4ltigen und abwechslungsreichen Wegen, bergauf, bergab darin herumzulaufen.<\/p>\n<\/div><\/div>\n\n\n\n<p> Kunst und Kultur bis in die allerneueste Zeit pr\u00e4gen Kassel in Form einer reichhaltigen Museumslandschaft und beschenkt seine Bewohner mit einer vielf\u00e4ltigen Musik- und Theaterszene.<\/p>\n\n\n\n<div class=\"wp-block-image\"><figure class=\"aligncenter\"><img loading=\"lazy\" decoding=\"async\" width=\"355\" height=\"142\" src=\"https:\/\/kassel-ebb.eu\/wp-content\/uploads\/2019\/11\/i_love_ks_14.jpg\" alt=\"\" class=\"wp-image-593\" srcset=\"https:\/\/kassel-ebb.eu\/wp-content\/uploads\/2019\/11\/i_love_ks_14.jpg 355w, https:\/\/kassel-ebb.eu\/wp-content\/uploads\/2019\/11\/i_love_ks_14-300x120.jpg 300w\" sizes=\"(max-width: 355px) 100vw, 355px\" \/><\/figure><\/div>\n\n\n\n<p>Bereits 14 mal gab es sie in Kassel, die \u201eDocumenta\u201c,und diese 14 Ausstellungen der modernen Kunst haben viele \u00f6ffentliche Kunstwerke \u00fcberall im der Stadtgebiet hinterlassen.<\/p>\n\n\n\n<div class=\"wp-block-media-text alignwide has-media-on-the-right\" style=\"grid-template-columns:auto 42%\"><figure class=\"wp-block-media-text__media\"><img loading=\"lazy\" decoding=\"async\" width=\"1024\" height=\"681\" src=\"https:\/\/kassel-ebb.eu\/wp-content\/uploads\/2019\/11\/i_love_ks_11-1024x681.jpg\" alt=\"\" class=\"wp-image-590\" srcset=\"https:\/\/kassel-ebb.eu\/wp-content\/uploads\/2019\/11\/i_love_ks_11.jpg 1024w, https:\/\/kassel-ebb.eu\/wp-content\/uploads\/2019\/11\/i_love_ks_11-300x200.jpg 300w, https:\/\/kassel-ebb.eu\/wp-content\/uploads\/2019\/11\/i_love_ks_11-768x511.jpg 768w\" sizes=\"(max-width: 1024px) 100vw, 1024px\" \/><\/figure><div class=\"wp-block-media-text__content\">\n<p>So zum Beispiel das Documenta Kunstwerk des Joseph Beuys,  \u201eVerwalden statt Verwalten\u201c, nannte er es, oder\u201e 7000 Eichen\u201c. Die Eichen und die sie begleitenden Basaltstelen durchziehen malerisch die Stadt und konnten in den 30 Jahren ihres Wachstums schon viel CO2 binden.<\/p>\n<\/div><\/div>\n\n\n\n<div class=\"wp-block-media-text alignwide\" style=\"grid-template-columns:24% auto\"><figure class=\"wp-block-media-text__media\"><img loading=\"lazy\" decoding=\"async\" width=\"128\" height=\"172\" src=\"https:\/\/kassel-ebb.eu\/wp-content\/uploads\/2019\/11\/i_love_ks_10.jpg\" alt=\"\" class=\"wp-image-589\"\/><\/figure><div class=\"wp-block-media-text__content\">\n<p>Vor 400 Jahren f\u00fchrte der damalige Landgraf Carl von Hessen-Kassel die Stadt und sein Land aus den Ruinen des Drei\u00dfigj\u00e4hrigen Krieges in eine prosperierende Zukunft. Dazu z\u00e4hlte unter anderem die Aufnahme hugenottischer Fl\u00fcchtlinge. Gro\u00df war sein Interesse an den Wissenschaften und K\u00fcnsten seiner Zeit und noch heute zeugen spektakul\u00e4re Bauten wie die, inzwischen zum UNESCO-Weltkulturerbe z\u00e4hlenden, Wasserspiele in Kassel von seinen Anspr\u00fcchen.<\/p>\n<\/div><\/div>\n\n\n\n<figure class=\"wp-block-image\"><img loading=\"lazy\" decoding=\"async\" width=\"1024\" height=\"682\" src=\"https:\/\/kassel-ebb.eu\/wp-content\/uploads\/2019\/11\/i_love_ks_3-1024x682.jpg\" alt=\"\" class=\"wp-image-582\" srcset=\"https:\/\/kassel-ebb.eu\/wp-content\/uploads\/2019\/11\/i_love_ks_3-1024x682.jpg 1024w, https:\/\/kassel-ebb.eu\/wp-content\/uploads\/2019\/11\/i_love_ks_3-300x200.jpg 300w, https:\/\/kassel-ebb.eu\/wp-content\/uploads\/2019\/11\/i_love_ks_3-768x512.jpg 768w, https:\/\/kassel-ebb.eu\/wp-content\/uploads\/2019\/11\/i_love_ks_3-1600x1066.jpg 1600w, https:\/\/kassel-ebb.eu\/wp-content\/uploads\/2019\/11\/i_love_ks_3.jpg 2000w\" sizes=\"(max-width: 1024px) 100vw, 1024px\" \/><\/figure>\n\n\n\n<div class=\"wp-block-media-text alignwide has-media-on-the-right\" style=\"grid-template-columns:auto 41%\"><figure class=\"wp-block-media-text__media\"><img loading=\"lazy\" decoding=\"async\" width=\"220\" height=\"146\" src=\"https:\/\/kassel-ebb.eu\/wp-content\/uploads\/2019\/11\/i_love_ks_17.jpg\" alt=\"\" class=\"wp-image-596\"\/><\/figure><div class=\"wp-block-media-text__content\">\n<p>Und so ist&#8217;s in Kassel bis heute: nach dem verheerenden Bombenkrieg vor 70 Jahren und dem Schattendasein im \u201eZonenrandgebiet\u201c bis vor 30 Jahren ist die alte Stadt wie Ph\u00f6nix aus der Asche neu erstanden.<\/p>\n<\/div><\/div>\n\n\n\n<div class=\"wp-block-media-text alignwide\" style=\"grid-template-columns:38% auto\"><figure class=\"wp-block-media-text__media\"><img loading=\"lazy\" decoding=\"async\" width=\"200\" height=\"133\" src=\"https:\/\/kassel-ebb.eu\/wp-content\/uploads\/2019\/11\/i_love_ks_15.jpg\" alt=\"\" class=\"wp-image-594\"\/><\/figure><div class=\"wp-block-media-text__content\">\n<p>Kassel ist heute ein Wirtschaftsstandort eine prosperierende Stadt der Bildung, der Ausbildung, von Forschung und Lehre, mit Kontakten in viele L\u00e4nder, mit\neiner vielf\u00e4ltigen und wachsenden Bev\u00f6lkerung,<\/p>\n<\/div><\/div>\n\n\n\n<ul class=\"wp-block-gallery columns-2 is-cropped wp-block-gallery-1 is-layout-flex wp-block-gallery-is-layout-flex\"><li class=\"blocks-gallery-item\"><figure><img loading=\"lazy\" decoding=\"async\" width=\"1024\" height=\"768\" src=\"https:\/\/kassel-ebb.eu\/wp-content\/uploads\/2019\/11\/i_love_ks_9-1024x768.jpg\" alt=\"\" data-id=\"588\" data-link=\"https:\/\/kassel-ebb.eu\/?attachment_id=588\" class=\"wp-image-588\" srcset=\"https:\/\/kassel-ebb.eu\/wp-content\/uploads\/2019\/11\/i_love_ks_9.jpg 1024w, https:\/\/kassel-ebb.eu\/wp-content\/uploads\/2019\/11\/i_love_ks_9-300x225.jpg 300w, https:\/\/kassel-ebb.eu\/wp-content\/uploads\/2019\/11\/i_love_ks_9-768x576.jpg 768w\" sizes=\"(max-width: 1024px) 100vw, 1024px\" \/><figcaption>&#8230;mit alten&#8230;<\/figcaption><\/figure><\/li><li class=\"blocks-gallery-item\"><figure><img loading=\"lazy\" decoding=\"async\" width=\"1024\" height=\"768\" src=\"https:\/\/kassel-ebb.eu\/wp-content\/uploads\/2019\/11\/i_love_ks_6-1024x768.jpg\" alt=\"\" data-id=\"585\" data-link=\"https:\/\/kassel-ebb.eu\/?attachment_id=585\" class=\"wp-image-585\" srcset=\"https:\/\/kassel-ebb.eu\/wp-content\/uploads\/2019\/11\/i_love_ks_6-1024x768.jpg 1024w, https:\/\/kassel-ebb.eu\/wp-content\/uploads\/2019\/11\/i_love_ks_6-300x225.jpg 300w, https:\/\/kassel-ebb.eu\/wp-content\/uploads\/2019\/11\/i_love_ks_6-768x576.jpg 768w, https:\/\/kassel-ebb.eu\/wp-content\/uploads\/2019\/11\/i_love_ks_6.jpg 1600w\" sizes=\"(max-width: 1024px) 100vw, 1024px\" \/><figcaption>&#8230;und hochmodernen Bauten.<\/figcaption><\/figure><\/li><\/ul>\n\n\n\n<p>Durchzogen von Parks und Gr\u00fcnanlagen breitet die Stadt sich rechts und links des Flusses Fulda aus. Aber das Stadtzentrum ist auf dem linken hohen Ufer des Flusses Fulda gelegen.<\/p>\n\n\n\n<div class=\"wp-block-image\"><figure class=\"aligncenter\"><img loading=\"lazy\" decoding=\"async\" width=\"1024\" height=\"554\" src=\"https:\/\/kassel-ebb.eu\/wp-content\/uploads\/2019\/11\/i_love_ks_1-e1573383338386-1024x554.jpg\" alt=\"\" class=\"wp-image-580\" srcset=\"https:\/\/kassel-ebb.eu\/wp-content\/uploads\/2019\/11\/i_love_ks_1-e1573383338386-1024x554.jpg 1024w, https:\/\/kassel-ebb.eu\/wp-content\/uploads\/2019\/11\/i_love_ks_1-e1573383338386-300x162.jpg 300w, https:\/\/kassel-ebb.eu\/wp-content\/uploads\/2019\/11\/i_love_ks_1-e1573383338386-768x416.jpg 768w, https:\/\/kassel-ebb.eu\/wp-content\/uploads\/2019\/11\/i_love_ks_1-e1573383338386-1600x866.jpg 1600w\" sizes=\"(max-width: 1024px) 100vw, 1024px\" \/><\/figure><\/div>\n\n\n\n<p>So ist es f\u00fcr den Besucher m\u00f6glich, dass mitten im Zentrum der Stadt, mitten in der Einkaufszone, auf dem Friedrichsplatz, der Blick sich weitet ins sch\u00f6ne Umland.<\/p>\n\n\n\n<figure class=\"wp-block-image\"><img loading=\"lazy\" decoding=\"async\" width=\"640\" height=\"360\" src=\"https:\/\/kassel-ebb.eu\/wp-content\/uploads\/2019\/11\/i_love_ks_12.jpg\" alt=\"\" class=\"wp-image-591\" srcset=\"https:\/\/kassel-ebb.eu\/wp-content\/uploads\/2019\/11\/i_love_ks_12.jpg 640w, https:\/\/kassel-ebb.eu\/wp-content\/uploads\/2019\/11\/i_love_ks_12-300x169.jpg 300w\" sizes=\"(max-width: 640px) 100vw, 640px\" \/><\/figure>\n\n\n\n<p>Kassel ist Zentrum f\u00fcr Nordhessen und f\u00fcr die ganze Region,<br>Kassel liegt im Zentrum Deutschlands,<br>        im Zentrum Europas,<br>                <strong>und ist einer Reise wert!<\/strong><\/p>\n\n\n\n<p style=\"color:#484848\" class=\"has-text-color has-small-font-size\"><em>von Hannelore Freudenberg<\/em><\/p>\n","protected":false},"excerpt":{"rendered":"<p>Immer, wenn der Reisende die letzte Biegung nimmt, egal aus welcher Himmelsrichtung er kommt, wenn hoch \u00fcber den H\u00f6hen des&hellip;<\/p>\n","protected":false},"author":1,"featured_media":0,"parent":0,"menu_order":0,"comment_status":"closed","ping_status":"closed","template":"","meta":{"_mc_calendar":[],"footnotes":""},"class_list":["post-579","page","type-page","status-publish","hentry"],"_links":{"self":[{"href":"https:\/\/kassel-ebb.eu\/index.php?rest_route=\/wp\/v2\/pages\/579","targetHints":{"allow":["GET"]}}],"collection":[{"href":"https:\/\/kassel-ebb.eu\/index.php?rest_route=\/wp\/v2\/pages"}],"about":[{"href":"https:\/\/kassel-ebb.eu\/index.php?rest_route=\/wp\/v2\/types\/page"}],"author":[{"embeddable":true,"href":"https:\/\/kassel-ebb.eu\/index.php?rest_route=\/wp\/v2\/users\/1"}],"replies":[{"embeddable":true,"href":"https:\/\/kassel-ebb.eu\/index.php?rest_route=%2Fwp%2Fv2%2Fcomments&post=579"}],"version-history":[{"count":1,"href":"https:\/\/kassel-ebb.eu\/index.php?rest_route=\/wp\/v2\/pages\/579\/revisions"}],"predecessor-version":[{"id":597,"href":"https:\/\/kassel-ebb.eu\/index.php?rest_route=\/wp\/v2\/pages\/579\/revisions\/597"}],"wp:attachment":[{"href":"https:\/\/kassel-ebb.eu\/index.php?rest_route=%2Fwp%2Fv2%2Fmedia&parent=579"}],"curies":[{"name":"wp","href":"https:\/\/api.w.org\/{rel}","templated":true}]}}