{"id":5608,"date":"2026-04-12T17:33:27","date_gmt":"2026-04-12T15:33:27","guid":{"rendered":"https:\/\/kassel-ebb.eu\/?page_id=5608"},"modified":"2026-04-12T17:36:32","modified_gmt":"2026-04-12T15:36:32","slug":"sterben-in-europa-der-tod-und-die-kunst","status":"publish","type":"page","link":"https:\/\/kassel-ebb.eu\/?page_id=5608&lang=de","title":{"rendered":"Sterben in Europa &#8211; der Tod und die Kunst"},"content":{"rendered":"\n<p><strong>Modul 1<\/strong><\/p>\n\n\n\n<p><strong>Sterben in Europa \u2013 Ein \u00dcberblick \u00fcber Bestattungs- und Friedhofskulturen auf unserem Kontinent<\/strong><\/p>\n\n\n\n<p>Europa ist ein mehrere tausend Jahre alter kultureller Raum mit gro\u00dfer Verschiedenheit, aber auch mit gemeinsamen Linien. In Volkskunde und Kulturanthropologie spielt die Bestattungskultur eine wichtige Rolle, in Europa ist sie seit 2.000 Jahren christlich gepr\u00e4gt, hat aber bereits begonnen, sich unter dem Einfluss von Atheismus und nicht-christlichen Religionen wiederum zu diversifizieren. Das Museum f\u00fcr Sepulkralkultur in Kassel ist das einzige deutsche Museum, welches sich der Bestattungs- und Friedhofskultur widmet und Fragen nach Bedeutung und Rolle des Todes auch aus gesellschaftlicher und philosophischer Perspektive er\u00f6rtert. Bei einem Besuch und einer F\u00fchrung im Museum soll diesen \u00dcberlegungen, auch anhand der Erfahrungen der Teilnehmer:innen, nachgegangen werden.<\/p>\n\n\n\n<p><strong>Vorbehalt:<\/strong> M\u00f6glicherweise hat im September 2026 bereits die Sanierung des Museums begonnen. In diesem Fall k\u00f6nnen sich inhaltliche\/organisatorische \u00c4nderungen ergeben.<\/p>\n\n\n\n<hr class=\"wp-block-separator has-alpha-channel-opacity\"\/>\n\n\n\n<h3 class=\"wp-block-heading\"><strong>Modul 2<\/strong><\/h3>\n\n\n\n<p><strong>Der Tod und die Kunst \u2013 Habichtswald-Wanderung und F\u00fchrung durch die Kasseler K\u00fcnstlernekropole<\/strong><\/p>\n\n\n\n<p>Fr\u00fcher oder sp\u00e4ter stellen sich die meisten K\u00fcnstler:innen die Frage, ob ihre Werke \u00fcber die eigene Lebensspanne hinaus Bestand haben werden. Der Kasseler K\u00fcnstler und Kunstprofessor Harry Kramer hat sich diese Frage mit einem besonderen Kunstprojekt beantwortet: Die K\u00fcnstlernekropole im Habichtswald. Dort sollen bis zu 40 K\u00fcnstler:innen zu Lebenszeiten ihre (k\u00fcnstlerischen) Grabmale schaffen und sich dort beisetzen lassen. Mehr als 10 Jahre hat Kramer ben\u00f6tigt, um das einmalige Kunstprojekt Wirklichkeit werden zu lassen. Seit 1993 w\u00e4chst die Nekropole langsam, aber kontinuierlich inmitten dichter Bewaldung am Rande des Blauen Sees. Der Besuch und die F\u00fchrung durch die Nekropole ist eingebettet in eine Wanderung durch den Hohen Habichtswald.<\/p>\n","protected":false},"excerpt":{"rendered":"<p>Modul 1 Sterben in Europa \u2013 Ein \u00dcberblick \u00fcber Bestattungs- und Friedhofskulturen auf unserem Kontinent Europa ist ein mehrere tausend&hellip;<\/p>\n","protected":false},"author":2,"featured_media":0,"parent":0,"menu_order":0,"comment_status":"closed","ping_status":"closed","template":"","meta":{"_mc_calendar":[],"footnotes":""},"class_list":["post-5608","page","type-page","status-publish","hentry"],"_links":{"self":[{"href":"https:\/\/kassel-ebb.eu\/index.php?rest_route=\/wp\/v2\/pages\/5608","targetHints":{"allow":["GET"]}}],"collection":[{"href":"https:\/\/kassel-ebb.eu\/index.php?rest_route=\/wp\/v2\/pages"}],"about":[{"href":"https:\/\/kassel-ebb.eu\/index.php?rest_route=\/wp\/v2\/types\/page"}],"author":[{"embeddable":true,"href":"https:\/\/kassel-ebb.eu\/index.php?rest_route=\/wp\/v2\/users\/2"}],"replies":[{"embeddable":true,"href":"https:\/\/kassel-ebb.eu\/index.php?rest_route=%2Fwp%2Fv2%2Fcomments&post=5608"}],"version-history":[{"count":2,"href":"https:\/\/kassel-ebb.eu\/index.php?rest_route=\/wp\/v2\/pages\/5608\/revisions"}],"predecessor-version":[{"id":5611,"href":"https:\/\/kassel-ebb.eu\/index.php?rest_route=\/wp\/v2\/pages\/5608\/revisions\/5611"}],"wp:attachment":[{"href":"https:\/\/kassel-ebb.eu\/index.php?rest_route=%2Fwp%2Fv2%2Fmedia&parent=5608"}],"curies":[{"name":"wp","href":"https:\/\/api.w.org\/{rel}","templated":true}]}}