{"id":422,"date":"2019-10-25T19:28:44","date_gmt":"2019-10-25T17:28:44","guid":{"rendered":"https:\/\/kassel-ebb.eu\/?page_id=422"},"modified":"2026-04-12T17:36:48","modified_gmt":"2026-04-12T15:36:48","slug":"workshops","status":"publish","type":"page","link":"https:\/\/kassel-ebb.eu\/?page_id=422&lang=de","title":{"rendered":"Workshops\/Aktivit\u00e4ten"},"content":{"rendered":"\n<p>Die Anmeldung f\u00fcr die Workshops\/Aktivit\u00e4ten ist ab August 2026 m\u00f6glich. <a href=\"https:\/\/kassel-ebb.eu\/?page_id=561&amp;lang=de\" data-type=\"page\" data-id=\"561\">Zur EBB kannst Du dich jetzt schon anmelden! <\/a><\/p>\n\n\n\n<p>Wir Europ\u00e4er:innen m\u00f6chten uns themenbezogen begegnen. Aus diesem Grund stehen die Workshops und Aktivit\u00e4ten im Mittelpunkt des EBB. Jeder Workshop zielt darauf ab, etwa 10\u201320 Teilnehmende aus mindestens zwei europ\u00e4ischen L\u00e4ndern zusammenzubringen und konzentriert sich auf ein bestimmtes Thema. Die Workshops finden am Freitag und Samstag statt.<\/p>\n\n\n\n<p>Die Workshops werden von einer Workshop-Leitung oder einem Leitungsteam angeboten, vorbereitet, organisiert und durchgef\u00fchrt. Meistens sind dies Ehrenamtliche, die ihre Leidenschaft mit uns teilen m\u00f6chten.<\/p>\n\n\n\n<p><strong>Liste der Workshops (Stand April 2026 \u2013 weitere Informationen und Workshops folgen!):<\/strong><\/p>\n\n\n\n<div class=\"wp-block-group\"><div class=\"wp-block-group__inner-container is-layout-flow wp-block-group-is-layout-flow\">\n<ul class=\"wp-block-list\">\n<li>Bridging Differences &#8211; Women Shaping a United Europe<\/li>\n\n\n\n<li><a href=\"https:\/\/kassel-ebb.eu\/?page_id=5602&amp;lang=de\" data-type=\"page\" data-id=\"5602\">Gendergerechtigkeit zwischen Wunsch und Wirklichkeit<\/a><\/li>\n\n\n\n<li>Esperanto in Europa<\/li>\n\n\n\n<li>Wenn Informationen t\u00e4uschen: Rechtliche Wege gegen digitale Desinformation<\/li>\n\n\n\n<li>Drawing Europe &#8211; Cartoon Workshop<\/li>\n\n\n\n<li>Europ\u00e4ische Sicherheit &#8211; Baltische Perspectiven<\/li>\n\n\n\n<li>Katastrophenhilfe f\u00fcr Zivilisten<\/li>\n\n\n\n<li><a href=\"https:\/\/kassel-ebb.eu\/?page_id=5608&amp;lang=de\" data-type=\"page\" data-id=\"5608\">Sterben in Europa &#8211; der Tod und die Kunst<\/a><\/li>\n<\/ul>\n<\/div><\/div>\n\n\n\n<p><a href=\"https:\/\/www.mediathek-hessen.de\/medienview_18976_Daniel-Hellwig-OK-Kassel-Europ%C3%A4ische-Begegnungswoche-2018--Workshops-zum-Geschichtsbewusstsein.html\" target=\"_blank\" rel=\"noreferrer noopener\">Beispielsweise der Workshop &#8220;Europ\u00e4isches Geschichtsbewusstsein&#8221; der EBB 2018, der hier im Video zu sehen ist.<\/a><\/p>\n\n\n\n<p><\/p>\n","protected":false},"excerpt":{"rendered":"<p>Die Anmeldung f\u00fcr die Workshops\/Aktivit\u00e4ten ist ab August 2026 m\u00f6glich. Zur EBB kannst Du dich jetzt schon anmelden! Wir Europ\u00e4er:innen&hellip;<\/p>\n","protected":false},"author":2,"featured_media":0,"parent":0,"menu_order":0,"comment_status":"closed","ping_status":"closed","template":"","meta":{"_mc_calendar":[],"footnotes":""},"class_list":["post-422","page","type-page","status-publish","hentry"],"_links":{"self":[{"href":"https:\/\/kassel-ebb.eu\/index.php?rest_route=\/wp\/v2\/pages\/422","targetHints":{"allow":["GET"]}}],"collection":[{"href":"https:\/\/kassel-ebb.eu\/index.php?rest_route=\/wp\/v2\/pages"}],"about":[{"href":"https:\/\/kassel-ebb.eu\/index.php?rest_route=\/wp\/v2\/types\/page"}],"author":[{"embeddable":true,"href":"https:\/\/kassel-ebb.eu\/index.php?rest_route=\/wp\/v2\/users\/2"}],"replies":[{"embeddable":true,"href":"https:\/\/kassel-ebb.eu\/index.php?rest_route=%2Fwp%2Fv2%2Fcomments&post=422"}],"version-history":[{"count":133,"href":"https:\/\/kassel-ebb.eu\/index.php?rest_route=\/wp\/v2\/pages\/422\/revisions"}],"predecessor-version":[{"id":5612,"href":"https:\/\/kassel-ebb.eu\/index.php?rest_route=\/wp\/v2\/pages\/422\/revisions\/5612"}],"wp:attachment":[{"href":"https:\/\/kassel-ebb.eu\/index.php?rest_route=%2Fwp%2Fv2%2Fmedia&parent=422"}],"curies":[{"name":"wp","href":"https:\/\/api.w.org\/{rel}","templated":true}]}}