{"id":336,"date":"2019-10-11T12:20:33","date_gmt":"2019-10-11T10:20:33","guid":{"rendered":"https:\/\/kassel-ebb.eu\/?page_id=336"},"modified":"2021-11-12T12:47:49","modified_gmt":"2021-11-12T10:47:49","slug":"rahmenprogramm","status":"publish","type":"page","link":"https:\/\/kassel-ebb.eu\/?page_id=336&lang=de","title":{"rendered":"Rahmenprogramm"},"content":{"rendered":"\n<h2 class=\"wp-block-heading\">Europademo\/Kundgebung<\/h2>\n\n\n\n<div class=\"wp-block-image\"><figure class=\"alignright is-resized\"><img fetchpriority=\"high\" decoding=\"async\" src=\"https:\/\/kassel-ebb.eu\/wp-content\/uploads\/2019\/10\/Foto_2_Erstewahl-1024x576.jpg\" alt=\"\" class=\"wp-image-516\" width=\"310\" height=\"173\" srcset=\"https:\/\/kassel-ebb.eu\/wp-content\/uploads\/2019\/10\/Foto_2_Erstewahl-1024x576.jpg 1024w, https:\/\/kassel-ebb.eu\/wp-content\/uploads\/2019\/10\/Foto_2_Erstewahl-768x432.jpg 768w, https:\/\/kassel-ebb.eu\/wp-content\/uploads\/2019\/10\/Foto_2_Erstewahl-1600x900.jpg 1600w, https:\/\/kassel-ebb.eu\/wp-content\/uploads\/2019\/10\/Foto_2_Erstewahl.jpg 1920w\" sizes=\"(max-width: 310px) 100vw, 310px\" \/><\/figure><\/div>\n\n\n\n<p>Wie schon <a href=\"https:\/\/kassel-ebb.eu\/?page_id=266&amp;lang=de\">2018 <\/a>m\u00f6chten wir auch 2022 zum Abschluss der EBB am Samstag eine Demonstration f\u00fcr ein starkes Europa mit allen Teilnehmenden und anderen Europa-Freunden organisieren. Mit Fahnen und Gesang machen  wir uns sicht- und h\u00f6rbar und ziehen zum Rathaus, wo die Abschlusskundgebung stattfinden wird. <\/p>\n\n\n\n<h2 class=\"wp-block-heading\">Europa-Party\n<\/h2>\n\n\n\n<p>Die Europa-Party bildet den kr\u00f6nenden Abschluss der EBB. Wir wollen nach zwei intensiven Tagen mit Diskussionen und vielf\u00e4ltigem  Gedankenaustausch zusammenkommen, um zu essen, trinken, tanzen, lachen und fr\u00f6hlich zu sein. F\u00fcr das leibliche Wohl ist gesorgt, ebenso wird flotte Musik zum Tanzen aufgelegt.  <\/p>\n\n\n\n<p><strong>Wenn wir dein Interesse an der EBB geweckt haben, w\u00fcrden wir uns freuen, wenn Du dich an der Vorbereitung und\/oder Durchf\u00fchrung beteiligen m\u00f6chtest. <\/strong><a href=\"https:\/\/kassel-ebb.eu\/?page_id=86&amp;lang=de\"><strong>Es gibt verschiedene M\u00f6glichkeiten sich einzubringen. <\/strong><\/a><\/p>\n","protected":false},"excerpt":{"rendered":"<p>Europademo\/Kundgebung Wie schon 2018 m\u00f6chten wir auch 2022 zum Abschluss der EBB am Samstag eine Demonstration f\u00fcr ein starkes Europa&hellip;<\/p>\n","protected":false},"author":2,"featured_media":0,"parent":0,"menu_order":0,"comment_status":"closed","ping_status":"closed","template":"","meta":{"_mc_calendar":[],"footnotes":""},"class_list":["post-336","page","type-page","status-publish","hentry"],"_links":{"self":[{"href":"https:\/\/kassel-ebb.eu\/index.php?rest_route=\/wp\/v2\/pages\/336","targetHints":{"allow":["GET"]}}],"collection":[{"href":"https:\/\/kassel-ebb.eu\/index.php?rest_route=\/wp\/v2\/pages"}],"about":[{"href":"https:\/\/kassel-ebb.eu\/index.php?rest_route=\/wp\/v2\/types\/page"}],"author":[{"embeddable":true,"href":"https:\/\/kassel-ebb.eu\/index.php?rest_route=\/wp\/v2\/users\/2"}],"replies":[{"embeddable":true,"href":"https:\/\/kassel-ebb.eu\/index.php?rest_route=%2Fwp%2Fv2%2Fcomments&post=336"}],"version-history":[{"count":13,"href":"https:\/\/kassel-ebb.eu\/index.php?rest_route=\/wp\/v2\/pages\/336\/revisions"}],"predecessor-version":[{"id":2197,"href":"https:\/\/kassel-ebb.eu\/index.php?rest_route=\/wp\/v2\/pages\/336\/revisions\/2197"}],"wp:attachment":[{"href":"https:\/\/kassel-ebb.eu\/index.php?rest_route=%2Fwp%2Fv2%2Fmedia&parent=336"}],"curies":[{"name":"wp","href":"https:\/\/api.w.org\/{rel}","templated":true}]}}