{"id":561,"date":"2020-01-28T12:50:29","date_gmt":"2020-01-28T10:50:29","guid":{"rendered":"https:\/\/dev-eb2.abraxis-kassel.de\/?page_id=561"},"modified":"2026-04-30T17:23:13","modified_gmt":"2026-04-30T15:23:13","slug":"anmeldung","status":"publish","type":"page","link":"https:\/\/kassel-ebb.eu\/de\/anmeldung\/","title":{"rendered":"Anmeldung"},"content":{"rendered":"\n<div class=\"wp-block-group alignfull has-accent-2-color has-text-color has-link-color wp-elements-31e0b53b446dc5c414c5b98eb1ac7c00 has-global-padding is-layout-constrained wp-block-group-is-layout-constrained\" style=\"padding-bottom:0\">\n<div class=\"wp-block-group alignfull has-accent-1-background-color has-background has-global-padding is-layout-constrained wp-block-group-is-layout-constrained\" style=\"padding-top:var(--wp--preset--spacing--40);padding-bottom:0\">\n<div class=\"wp-block-columns alignwide is-layout-flex wp-container-core-columns-is-layout-28f84493 wp-block-columns-is-layout-flex\">\n<div class=\"wp-block-column is-vertically-aligned-center is-layout-flow wp-block-column-is-layout-flow\" style=\"flex-basis:40%\">\n<h1 class=\"wp-block-heading has-text-align-left has-accent-3-color has-text-color has-link-color wp-elements-c44f6a4c9f5dae383e2a3079536df42b\" style=\"font-size:clamp(35.641px, 2.228rem + ((1vw - 3.2px) * 2.878), 65px);\">Anmelden<\/h1>\n<\/div>\n\n\n\n<div class=\"wp-block-column is-vertically-aligned-bottom is-layout-flow wp-block-column-is-layout-flow\" style=\"flex-basis:60%\">\n<figure class=\"wp-block-image size-full titleImgSubPage\"><img loading=\"lazy\" decoding=\"async\" width=\"900\" height=\"631\" src=\"https:\/\/kassel-ebb.eu\/wp-content\/uploads\/2026\/04\/haende-mit-flaggen-web-opt.png\" alt=\"\" class=\"wp-image-5725\" style=\"object-fit:cover\" srcset=\"https:\/\/kassel-ebb.eu\/wp-content\/uploads\/2026\/04\/haende-mit-flaggen-web-opt.png 900w, https:\/\/kassel-ebb.eu\/wp-content\/uploads\/2026\/04\/haende-mit-flaggen-web-opt-300x210.png 300w, https:\/\/kassel-ebb.eu\/wp-content\/uploads\/2026\/04\/haende-mit-flaggen-web-opt-768x538.png 768w\" sizes=\"auto, (max-width: 900px) 100vw, 900px\" \/><\/figure>\n<\/div>\n<\/div>\n<\/div>\n<\/div>\n\n\n\n<div style=\"height:60px\" aria-hidden=\"true\" class=\"wp-block-spacer\"><\/div>\n\n\n\n<div class=\"wp-block-group alignwide has-global-padding is-layout-constrained wp-block-group-is-layout-constrained\">\n<p>Die <strong>Anmeldung<\/strong> zur EBB 2026 vom 10.09-13.09.2026 ist <strong>freigeschaltet<\/strong>! Wir k\u00f6nnen es kaum noch erwarten, dich in Kassel begr\u00fc\u00dfen zu k\u00f6nnen! Let&#8217;s unite in diversity!<\/p>\n\n\n\n<div class=\"wp-block-buttons is-content-justification-center is-layout-flex wp-container-core-buttons-is-layout-a6d9f191 wp-block-buttons-is-layout-flex\" style=\"margin-top:var(--wp--preset--spacing--40);margin-bottom:var(--wp--preset--spacing--40)\">\n<div class=\"wp-block-button\"><a class=\"wp-block-button__link wp-element-button\" href=\"https:\/\/lets-meet.org\/reg\/b60d80868f3b310d78\" target=\"_blank\" rel=\"noreferrer noopener\">Anmeldung \u00fcber LET&#8217;S MEET!<\/a><\/div>\n<\/div>\n<\/div>\n\n\n\n<div style=\"height:30px\" aria-hidden=\"true\" class=\"wp-block-spacer\"><\/div>\n\n\n\n<hr class=\"wp-block-separator has-text-color has-accent-2-color has-alpha-channel-opacity has-accent-2-background-color has-background hight6\"\/>\n\n\n\n<div style=\"height:80px\" aria-hidden=\"true\" class=\"wp-block-spacer\"><\/div>\n\n\n\n<p class=\"hight6\">Wir sind ein gemeinn\u00fctziger Verein. Wenn du an der EBB teilnimmst, freuen wir uns \u00fcber deine Spende. Sie erm\u00f6glicht es, z. B. die gemeinsamen Abendessen zu finanzieren. Vielen Dank f\u00fcr deine Unterst\u00fctzung!<\/p>\n\n\n\n<p>F\u00fcr Zusch\u00fcsse f\u00fcr Reisekosten und weitere Fragen wende dich gerne an <a href=\"mailto:office@kassel-ebb.eu\">office@kassel-ebb.eu<\/a>.<\/p>\n\n\n\n<div style=\"height:80px\" aria-hidden=\"true\" class=\"wp-block-spacer\"><\/div>\n\n\n\n<div data-wp-interactive=\"core\/file\" class=\"wp-block-file\"><object data-wp-bind--hidden=\"!state.hasPdfPreview\" hidden class=\"wp-block-file__embed\" data=\"https:\/\/kassel-ebb.eu\/wp-content\/uploads\/2026\/02\/Ablaufplan-EBB-2026_de.pdf\" type=\"application\/pdf\" style=\"width:100%;height:600px\" aria-label=\"Einbettung von Ablaufplan EBB 2026 (PDF).\"><\/object><a id=\"wp-block-file--media-768d867a-77f1-42a8-951f-60b80ebad702\" href=\"https:\/\/kassel-ebb.eu\/wp-content\/uploads\/2026\/02\/Ablaufplan-EBB-2026_de.pdf\">Ablaufplan EBB 2026 (PDF)<\/a><a href=\"https:\/\/kassel-ebb.eu\/wp-content\/uploads\/2026\/02\/Ablaufplan-EBB-2026_de.pdf\" class=\"wp-block-file__button wp-element-button\" download aria-describedby=\"wp-block-file--media-768d867a-77f1-42a8-951f-60b80ebad702\">Download<\/a><\/div>\n\n\n\n<div style=\"height:100px\" aria-hidden=\"true\" class=\"wp-block-spacer\"><\/div>\n","protected":false},"excerpt":{"rendered":"<p>Anmelden Die Anmeldung zur EBB 2026 vom 10.09-13.09.2026 ist freigeschaltet! Wir k\u00f6nnen es kaum noch erwarten, dich in Kassel begr\u00fc\u00dfen zu k\u00f6nnen! Let&#8217;s unite in diversity! Wir sind ein gemeinn\u00fctziger Verein. Wenn du an der EBB teilnimmst, freuen wir uns \u00fcber deine Spende. Sie erm\u00f6glicht es, z. B. die gemeinsamen Abendessen zu finanzieren. Vielen Dank [&hellip;]<\/p>\n","protected":false},"author":3,"featured_media":0,"parent":0,"menu_order":0,"comment_status":"closed","ping_status":"closed","template":"page-no-title","meta":{"_mc_calendar":[],"footnotes":""},"class_list":["post-561","page","type-page","status-publish","hentry"],"_links":{"self":[{"href":"https:\/\/kassel-ebb.eu\/de\/wp-json\/wp\/v2\/pages\/561","targetHints":{"allow":["GET"]}}],"collection":[{"href":"https:\/\/kassel-ebb.eu\/de\/wp-json\/wp\/v2\/pages"}],"about":[{"href":"https:\/\/kassel-ebb.eu\/de\/wp-json\/wp\/v2\/types\/page"}],"author":[{"embeddable":true,"href":"https:\/\/kassel-ebb.eu\/de\/wp-json\/wp\/v2\/users\/3"}],"replies":[{"embeddable":true,"href":"https:\/\/kassel-ebb.eu\/de\/wp-json\/wp\/v2\/comments?post=561"}],"version-history":[{"count":0,"href":"https:\/\/kassel-ebb.eu\/de\/wp-json\/wp\/v2\/pages\/561\/revisions"}],"wp:attachment":[{"href":"https:\/\/kassel-ebb.eu\/de\/wp-json\/wp\/v2\/media?parent=561"}],"curies":[{"name":"wp","href":"https:\/\/api.w.org\/{rel}","templated":true}]}}