{"id":555,"date":"2020-01-29T20:20:24","date_gmt":"2020-01-29T18:20:24","guid":{"rendered":"https:\/\/dev-eb2.abraxis-kassel.de\/?page_id=555"},"modified":"2026-04-30T22:28:18","modified_gmt":"2026-04-30T20:28:18","slug":"kontakt","status":"publish","type":"page","link":"https:\/\/kassel-ebb.eu\/de\/kontakt\/","title":{"rendered":"Kontakt"},"content":{"rendered":"\n<div class=\"wp-block-group alignfull has-accent-2-color has-text-color has-link-color wp-elements-b77a4a5e935c24d22e027ab935eb02f0 has-global-padding is-layout-constrained wp-block-group-is-layout-constrained\" style=\"padding-bottom:0\">\n<div class=\"wp-block-group alignfull has-accent-1-background-color has-background has-global-padding is-layout-constrained wp-block-group-is-layout-constrained\" style=\"padding-top:var(--wp--preset--spacing--40);padding-bottom:0\">\n<div class=\"wp-block-columns alignwide is-layout-flex wp-container-core-columns-is-layout-28f84493 wp-block-columns-is-layout-flex\">\n<div class=\"wp-block-column is-vertically-aligned-center is-layout-flow wp-block-column-is-layout-flow\" style=\"flex-basis:40%\">\n<h1 class=\"wp-block-heading has-text-align-left has-accent-3-color has-text-color has-link-color wp-elements-703d3331205d4ad2b1f67a66d29eab4c\" style=\"font-size:clamp(35.641px, 2.228rem + ((1vw - 3.2px) * 2.878), 65px);\">Kontakt<\/h1>\n<\/div>\n\n\n\n<div class=\"wp-block-column is-vertically-aligned-bottom is-layout-flow wp-block-column-is-layout-flow\" style=\"flex-basis:60%\">\n<figure class=\"wp-block-image size-full titleImgSubPage\"><img loading=\"lazy\" decoding=\"async\" width=\"900\" height=\"631\" src=\"https:\/\/kassel-ebb.eu\/wp-content\/uploads\/2026\/04\/haende-mit-flaggen-web-opt.png\" alt=\"\" class=\"wp-image-5725\" style=\"object-fit:cover\" srcset=\"https:\/\/kassel-ebb.eu\/wp-content\/uploads\/2026\/04\/haende-mit-flaggen-web-opt.png 900w, https:\/\/kassel-ebb.eu\/wp-content\/uploads\/2026\/04\/haende-mit-flaggen-web-opt-300x210.png 300w, https:\/\/kassel-ebb.eu\/wp-content\/uploads\/2026\/04\/haende-mit-flaggen-web-opt-768x538.png 768w\" sizes=\"auto, (max-width: 900px) 100vw, 900px\" \/><\/figure>\n<\/div>\n<\/div>\n<\/div>\n<\/div>\n\n\n\n<div style=\"height:61px\" aria-hidden=\"true\" class=\"wp-block-spacer\"><\/div>\n\n\n\n<p>Deine Fragen und Anmerkungen sind jederzeit willkommen.<\/p>\n\n\n\n<p><br>Tel: +49 561 816 448 06 <br>E-Mail: office@kassel-ebb.eu oder kassel@eu-hessen.de<\/p>\n\n\n\n<p>F\u00fcr weitere Informationen zur EU oder Lehrmaterial, kontaktiere bitte &#8222;Europe Direct&#8220; im Regierungspr\u00e4sidium Kassel:<br><a href=\"https:\/\/rp-kassel.hessen.de\/nordosthessen\/europe-direct\">rp-kassel.hessen.de\/nordosthessen\/europe-direct<\/a><\/p>\n\n\n\n<figure class=\"wp-block-image size-large\" style=\"margin-top:var(--wp--preset--spacing--50);margin-bottom:var(--wp--preset--spacing--50)\"><img loading=\"lazy\" decoding=\"async\" width=\"1024\" height=\"576\" src=\"https:\/\/kassel-ebb.eu\/wp-content\/uploads\/2020\/07\/Europa-003-1024x576.jpg\" alt=\"\" class=\"wp-image-1568\" srcset=\"https:\/\/kassel-ebb.eu\/wp-content\/uploads\/2020\/07\/Europa-003-1024x576.jpg 1024w, https:\/\/kassel-ebb.eu\/wp-content\/uploads\/2020\/07\/Europa-003-300x169.jpg 300w, https:\/\/kassel-ebb.eu\/wp-content\/uploads\/2020\/07\/Europa-003-768x432.jpg 768w, https:\/\/kassel-ebb.eu\/wp-content\/uploads\/2020\/07\/Europa-003-1536x865.jpg 1536w, https:\/\/kassel-ebb.eu\/wp-content\/uploads\/2020\/07\/Europa-003-1600x901.jpg 1600w, https:\/\/kassel-ebb.eu\/wp-content\/uploads\/2020\/07\/Europa-003.jpg 1885w\" sizes=\"auto, (max-width: 1024px) 100vw, 1024px\" \/><figcaption class=\"wp-element-caption\">Christopher Overkamp, Vorsitzender<br>Ich freue mich auf deine Anfrage!<br><\/figcaption><\/figure>\n\n\n\n<h2 class=\"wp-block-heading\">Kontaktiere uns \u00fcber unser  Formular:<\/h2>\n\n\n\n<div class=\"wpcf7 no-js\" id=\"wpcf7-f7066-o1\" lang=\"de-DE\" dir=\"ltr\" data-wpcf7-id=\"7066\">\n<div class=\"screen-reader-response\"><p role=\"status\" aria-live=\"polite\" aria-atomic=\"true\"><\/p> <ul><\/ul><\/div>\n<form action=\"\/de\/wp-json\/wp\/v2\/pages\/555#wpcf7-f7066-o1\" method=\"post\" class=\"wpcf7-form init\" aria-label=\"Kontaktformular\" novalidate=\"novalidate\" data-status=\"init\">\n<fieldset class=\"hidden-fields-container\"><input type=\"hidden\" name=\"_wpcf7\" value=\"7066\" \/><input type=\"hidden\" name=\"_wpcf7_version\" value=\"6.1.5\" \/><input type=\"hidden\" name=\"_wpcf7_locale\" value=\"de_DE\" \/><input type=\"hidden\" name=\"_wpcf7_unit_tag\" value=\"wpcf7-f7066-o1\" \/><input type=\"hidden\" name=\"_wpcf7_container_post\" value=\"0\" \/><input type=\"hidden\" name=\"_wpcf7_posted_data_hash\" value=\"\" \/><input type=\"hidden\" name=\"_wpcf7_recaptcha_response\" value=\"\" \/>\n<\/fieldset>\n<p><label> Dein Name (Pflichtfeld)<br \/>\n<span class=\"wpcf7-form-control-wrap\" data-name=\"your-name\"><input size=\"40\" maxlength=\"400\" class=\"wpcf7-form-control wpcf7-text wpcf7-validates-as-required\" aria-required=\"true\" aria-invalid=\"false\" value=\"\" type=\"text\" name=\"your-name\" \/><\/span> <\/label>\n<\/p>\n<p><label> Deine E-Mail (Pflichtfeld)<br \/>\n<span class=\"wpcf7-form-control-wrap\" data-name=\"your-email\"><input size=\"40\" maxlength=\"400\" class=\"wpcf7-form-control wpcf7-email wpcf7-validates-as-required wpcf7-text wpcf7-validates-as-email\" aria-required=\"true\" aria-invalid=\"false\" value=\"\" type=\"email\" name=\"your-email\" \/><\/span> <\/label>\n<\/p>\n<p><label> Betreff (Pflichtfeld)<br \/>\n<span class=\"wpcf7-form-control-wrap\" data-name=\"select-theme\"><select class=\"wpcf7-form-control wpcf7-select wpcf7-validates-as-required cf7Dd\" aria-required=\"true\" aria-invalid=\"false\" name=\"select-theme\"><option value=\"\">Allgemein<\/option><option value=\"Im Orga-Team mitmachen\">Im Orga-Team mitmachen<\/option><option value=\"Einen Workshop anbieten\">Einen Workshop anbieten<\/option><option value=\"Gastfamilie werden\">Gastfamilie werden<\/option><option value=\"\u00dcbersetzung\/Sprachmittlung anbieten\">\u00dcbersetzung\/Sprachmittlung anbieten<\/option><option value=\"Anderes\">Anderes<\/option><\/select><\/span> <\/label>\n<\/p>\n<p><label> Deine Nachricht<br \/>\n<span class=\"wpcf7-form-control-wrap\" data-name=\"your-message\"><textarea cols=\"40\" rows=\"10\" maxlength=\"2000\" class=\"wpcf7-form-control wpcf7-textarea\" aria-invalid=\"false\" name=\"your-message\"><\/textarea><\/span> <\/label>\n<\/p>\n<p><span class=\"wpcf7-form-control-wrap\" data-name=\"EinwilligungindieDatenschutzerklrung\"><span class=\"wpcf7-form-control wpcf7-acceptance\"><span class=\"wpcf7-list-item\"><label><input type=\"checkbox\" name=\"EinwilligungindieDatenschutzerklrung\" value=\"1\" aria-invalid=\"false\" \/><span class=\"wpcf7-list-item-label\">Bitte beachte: deine Daten werden gem\u00e4\u00df unserer <a target=\"_blank\" href=\"https:\/\/kassel-ebb.eu\/?page_id=111&lang=de\">Datenschutzerkl\u00e4rung<\/a> verwendet. Bitte best\u00e4tige dein Einverst\u00e4ndnis, indem du das K\u00e4stchen anhakst.<\/span><\/label><\/span><\/span><\/span>\n<\/p>\n<p><input class=\"wpcf7-form-control wpcf7-submit has-spinner\" type=\"submit\" value=\"Absenden\" \/>\n<\/p><div class=\"wpcf7-response-output\" aria-hidden=\"true\"><\/div>\n<\/form>\n<\/div>\n\n\n\n\n<div style=\"height:100px\" aria-hidden=\"true\" class=\"wp-block-spacer\"><\/div>\n","protected":false},"excerpt":{"rendered":"<p>Kontakt Deine Fragen und Anmerkungen sind jederzeit willkommen. Tel: +49 561 816 448 06 E-Mail: office@kassel-ebb.eu oder kassel@eu-hessen.de F\u00fcr weitere Informationen zur EU oder Lehrmaterial, kontaktiere bitte &#8222;Europe Direct&#8220; im Regierungspr\u00e4sidium Kassel:rp-kassel.hessen.de\/nordosthessen\/europe-direct Kontaktiere uns \u00fcber unser Formular:<\/p>\n","protected":false},"author":3,"featured_media":0,"parent":0,"menu_order":0,"comment_status":"closed","ping_status":"closed","template":"page-no-title","meta":{"_mc_calendar":[],"footnotes":""},"class_list":["post-555","page","type-page","status-publish","hentry"],"_links":{"self":[{"href":"https:\/\/kassel-ebb.eu\/de\/wp-json\/wp\/v2\/pages\/555","targetHints":{"allow":["GET"]}}],"collection":[{"href":"https:\/\/kassel-ebb.eu\/de\/wp-json\/wp\/v2\/pages"}],"about":[{"href":"https:\/\/kassel-ebb.eu\/de\/wp-json\/wp\/v2\/types\/page"}],"author":[{"embeddable":true,"href":"https:\/\/kassel-ebb.eu\/de\/wp-json\/wp\/v2\/users\/3"}],"replies":[{"embeddable":true,"href":"https:\/\/kassel-ebb.eu\/de\/wp-json\/wp\/v2\/comments?post=555"}],"version-history":[{"count":0,"href":"https:\/\/kassel-ebb.eu\/de\/wp-json\/wp\/v2\/pages\/555\/revisions"}],"wp:attachment":[{"href":"https:\/\/kassel-ebb.eu\/de\/wp-json\/wp\/v2\/media?parent=555"}],"curies":[{"name":"wp","href":"https:\/\/api.w.org\/{rel}","templated":true}]}}