{"id":330,"date":"2020-01-29T19:46:43","date_gmt":"2020-01-29T17:46:43","guid":{"rendered":"https:\/\/dev-eb2.abraxis-kassel.de\/?page_id=330"},"modified":"2026-04-30T17:30:33","modified_gmt":"2026-04-30T15:30:33","slug":"dolmetschen","status":"publish","type":"page","link":"https:\/\/kassel-ebb.eu\/de\/dolmetschen\/","title":{"rendered":"Dolmetschen\/Sprachmittlung"},"content":{"rendered":"\n<div class=\"wp-block-group alignfull has-accent-2-color has-text-color has-link-color wp-elements-e2487f6a5e29c5422aa16a652c022dc7 has-global-padding is-layout-constrained wp-block-group-is-layout-constrained\" style=\"padding-bottom:0\">\n<div class=\"wp-block-group alignfull has-accent-1-background-color has-background has-global-padding is-layout-constrained wp-block-group-is-layout-constrained\" style=\"padding-top:var(--wp--preset--spacing--40);padding-bottom:0\">\n<div class=\"wp-block-columns alignwide is-layout-flex wp-container-core-columns-is-layout-28f84493 wp-block-columns-is-layout-flex\">\n<div class=\"wp-block-column is-vertically-aligned-center is-layout-flow wp-block-column-is-layout-flow\" style=\"padding-top:var(--wp--preset--spacing--70);padding-bottom:var(--wp--preset--spacing--70);flex-basis:40%\">\n<h1 class=\"wp-block-heading has-text-align-left has-accent-3-color has-text-color has-link-color wp-elements-b038ddedeeb67303e51c5b4678bfffd7\" style=\"font-size:clamp(35.641px, 2.228rem + ((1vw - 3.2px) * 2.878), 65px);\">Dolmet\u00adschen\/<br>Sprach\u00admittlung<\/h1>\n<\/div>\n\n\n\n<div class=\"wp-block-column is-vertically-aligned-bottom is-layout-flow wp-block-column-is-layout-flow\" style=\"flex-basis:60%\">\n<figure class=\"wp-block-image size-full titleImgSubPage\" style=\"margin-bottom:-10px\"><img loading=\"lazy\" decoding=\"async\" width=\"500\" height=\"460\" src=\"https:\/\/kassel-ebb.eu\/wp-content\/uploads\/2026\/04\/get-involved6.png\" alt=\"\" class=\"wp-image-6249\" style=\"object-fit:cover\" srcset=\"https:\/\/kassel-ebb.eu\/wp-content\/uploads\/2026\/04\/get-involved6.png 500w, https:\/\/kassel-ebb.eu\/wp-content\/uploads\/2026\/04\/get-involved6-300x276.png 300w\" sizes=\"auto, (max-width: 500px) 100vw, 500px\" \/><\/figure>\n<\/div>\n<\/div>\n<\/div>\n<\/div>\n\n\n\n<div style=\"height:10px\" aria-hidden=\"true\" class=\"wp-block-spacer\"><\/div>\n\n\n\n<blockquote class=\"wp-block-quote alignfull is-layout-flow wp-block-quote-is-layout-flow\" style=\"margin-right:var(--wp--preset--spacing--20);margin-left:var(--wp--preset--spacing--20)\">\n<p>Sprichst Du mit jemanden in einer Sprache, die er versteht, so erreichst Du seinen Kopf. <br>Sprichst Du mit ihm in seiner eigenen Sprache, so erreichst Du sein Herz.<\/p>\n<cite>Nelson Mandela<\/cite><\/blockquote>\n\n\n\n<p>Verst\u00e4ndigung ist eine wesentliche Zielsetzung der Kommunikation von Menschen miteinander und erfolgt naturgem\u00e4\u00df auf unterschiedlichen Ebenen. <\/p>\n\n\n\n<p>Da im Rahmen der B\u00fcrgerbegegnung Menschen mit vielen Muttersprachen und Fremdsprachenkenntnissen einander begegnen, m\u00f6chten wir, dass der Reichtum bzw. die Diversit\u00e4t der gesprochenen Sprachen kein Hindernis darstellt. Alle Teilnehmenden sollen sich verst\u00e4ndigen und austauschen k\u00f6nnen.<\/p>\n\n\n\n<figure class=\"wp-block-image aligncenter is-resized\"><img loading=\"lazy\" decoding=\"async\" width=\"1024\" height=\"474\" src=\"https:\/\/kassel-ebb.eu\/wp-content\/uploads\/2019\/10\/IMG_1233-e1572122921714-1024x474.jpg\" alt=\"Fahnen europ\u00e4ischer L\u00e4nder vor der Europafahne\" class=\"wp-image-497\" srcset=\"https:\/\/kassel-ebb.eu\/wp-content\/uploads\/2019\/10\/IMG_1233-e1572122921714-1024x474.jpg 1024w, https:\/\/kassel-ebb.eu\/wp-content\/uploads\/2019\/10\/IMG_1233-e1572122921714-300x139.jpg 300w, https:\/\/kassel-ebb.eu\/wp-content\/uploads\/2019\/10\/IMG_1233-e1572122921714-768x356.jpg 768w, https:\/\/kassel-ebb.eu\/wp-content\/uploads\/2019\/10\/IMG_1233-e1572122921714-1600x741.jpg 1600w\" sizes=\"auto, (max-width: 1024px) 100vw, 1024px\" \/><\/figure>\n\n\n\n<p><strong>Du hast Lust, Menschen zu begegnen, bist sprachlich versiert und m\u00f6chtest deine F\u00e4higkeiten im Rahmen der EBB 2026 einbringen? <\/strong><\/p>\n\n\n\n<p>Super! Du entscheidest, wann und in welchem (zeitlichen) Umfang du deine \u201eDolmetscherf\u00e4higkeiten\u201c im Rahmen der EBB 2026 oder der EBB Online anbieten m\u00f6chtest. Dies kann z.B. im Rahmen eines bestimmten Workshops sein oder beispielsweise auch im Bereich des Rahmenprogramms. Lass es uns wissen. Wir freuen uns auf dich!<\/p>\n\n\n\n<div class=\"wp-block-buttons is-content-justification-center is-layout-flex wp-container-core-buttons-is-layout-d8c0be80 wp-block-buttons-is-layout-flex\" style=\"margin-top:var(--wp--preset--spacing--40)\">\n<div class=\"wp-block-button\"><a class=\"wp-block-button__link wp-element-button\" href=\"https:\/\/lets-meet.org\/reg\/84e9071bb24949db21\" target=\"_blank\" rel=\"noreferrer noopener\">Via LET&#8217;S MEET f\u00fcr Dolmetschen\/Sprachmittlung registrieren<\/a><\/div>\n<\/div>\n\n\n\n<div style=\"height:100px\" aria-hidden=\"true\" class=\"wp-block-spacer\"><\/div>\n","protected":false},"excerpt":{"rendered":"<p>Dolmet\u00adschen\/Sprach\u00admittlung Sprichst Du mit jemanden in einer Sprache, die er versteht, so erreichst Du seinen Kopf. Sprichst Du mit ihm in seiner eigenen Sprache, so erreichst Du sein Herz. Nelson Mandela Verst\u00e4ndigung ist eine wesentliche Zielsetzung der Kommunikation von Menschen miteinander und erfolgt naturgem\u00e4\u00df auf unterschiedlichen Ebenen. Da im Rahmen der B\u00fcrgerbegegnung Menschen mit vielen [&hellip;]<\/p>\n","protected":false},"author":2,"featured_media":0,"parent":0,"menu_order":0,"comment_status":"closed","ping_status":"closed","template":"page-no-title","meta":{"_mc_calendar":[],"footnotes":""},"class_list":["post-330","page","type-page","status-publish","hentry"],"_links":{"self":[{"href":"https:\/\/kassel-ebb.eu\/de\/wp-json\/wp\/v2\/pages\/330","targetHints":{"allow":["GET"]}}],"collection":[{"href":"https:\/\/kassel-ebb.eu\/de\/wp-json\/wp\/v2\/pages"}],"about":[{"href":"https:\/\/kassel-ebb.eu\/de\/wp-json\/wp\/v2\/types\/page"}],"author":[{"embeddable":true,"href":"https:\/\/kassel-ebb.eu\/de\/wp-json\/wp\/v2\/users\/2"}],"replies":[{"embeddable":true,"href":"https:\/\/kassel-ebb.eu\/de\/wp-json\/wp\/v2\/comments?post=330"}],"version-history":[{"count":0,"href":"https:\/\/kassel-ebb.eu\/de\/wp-json\/wp\/v2\/pages\/330\/revisions"}],"wp:attachment":[{"href":"https:\/\/kassel-ebb.eu\/de\/wp-json\/wp\/v2\/media?parent=330"}],"curies":[{"name":"wp","href":"https:\/\/api.w.org\/{rel}","templated":true}]}}