{"id":310,"date":"2019-10-02T12:55:39","date_gmt":"2019-10-02T10:55:39","guid":{"rendered":"https:\/\/dev-eb2.abraxis-kassel.de\/?page_id=310"},"modified":"2026-04-23T23:55:48","modified_gmt":"2026-04-23T21:55:48","slug":"spenden","status":"publish","type":"page","link":"https:\/\/kassel-ebb.eu\/de\/spenden\/","title":{"rendered":"Spenden"},"content":{"rendered":"\n<div class=\"wp-block-group alignfull has-accent-2-color has-text-color has-link-color wp-elements-d6e908271b229660abcc44eb03bd0b73 has-global-padding is-layout-constrained wp-block-group-is-layout-constrained\" style=\"padding-bottom:0\">\n<div class=\"wp-block-group alignfull has-accent-1-background-color has-background has-global-padding is-layout-constrained wp-block-group-is-layout-constrained\" style=\"padding-top:var(--wp--preset--spacing--40);padding-bottom:0\">\n<div class=\"wp-block-columns alignwide is-layout-flex wp-container-core-columns-is-layout-28f84493 wp-block-columns-is-layout-flex\">\n<div class=\"wp-block-column is-vertically-aligned-center is-layout-flow wp-block-column-is-layout-flow\" style=\"flex-basis:40%\">\n<h1 class=\"wp-block-heading has-text-align-left has-accent-3-color has-text-color has-link-color wp-elements-92cd32d17e68878a5613a7874ec6b3fe\" style=\"font-size:clamp(35.641px, 2.228rem + ((1vw - 3.2px) * 2.878), 65px);\">Spenden<\/h1>\n<\/div>\n\n\n\n<div class=\"wp-block-column is-vertically-aligned-bottom is-layout-flow wp-block-column-is-layout-flow\" style=\"flex-basis:60%\">\n<figure class=\"wp-block-image size-full titleImgSubPage\"><img loading=\"lazy\" decoding=\"async\" width=\"900\" height=\"631\" src=\"https:\/\/kassel-ebb.eu\/wp-content\/uploads\/2026\/04\/haende-mit-flaggen-web-opt.png\" alt=\"\" class=\"wp-image-5725\" style=\"object-fit:cover\" srcset=\"https:\/\/kassel-ebb.eu\/wp-content\/uploads\/2026\/04\/haende-mit-flaggen-web-opt.png 900w, https:\/\/kassel-ebb.eu\/wp-content\/uploads\/2026\/04\/haende-mit-flaggen-web-opt-300x210.png 300w, https:\/\/kassel-ebb.eu\/wp-content\/uploads\/2026\/04\/haende-mit-flaggen-web-opt-768x538.png 768w\" sizes=\"auto, (max-width: 900px) 100vw, 900px\" \/><\/figure>\n<\/div>\n<\/div>\n<\/div>\n<\/div>\n\n\n\n<div style=\"height:59px\" aria-hidden=\"true\" class=\"wp-block-spacer\"><\/div>\n\n\n\n<p>Um uns in unserer ehrenamtlichen Arbeit zu unterst\u00fctzen, m\u00fcssen Sie nicht zu unseren <a href=\"https:\/\/kassel-ebb.eu\/?lang=de\">Orga-Treffen<\/a> kommen, <a href=\"https:\/\/kassel-ebb.eu\/de\/gastfamilie-werden\/?lang=de\">einen EU-B\u00fcrger bei sich aufnehmen<\/a> oder sonst aktiv werden (das d\u00fcrfen Sie nat\u00fcrlich trotzdem gerne). Sie helfen uns schon, wenn Sie mit einer Spende auf das unten genannte Konto zur Organisation der EBB beitragen.<\/p>\n\n\n\n<figure class=\"wp-block-image alignleft size-medium is-resized\"><img loading=\"lazy\" decoding=\"async\" width=\"300\" height=\"205\" src=\"https:\/\/kassel-ebb.eu\/wp-content\/uploads\/2019\/10\/Euro_Licht_Schatten-e1572123329223-300x205.jpg\" alt=\"\" class=\"wp-image-508\" srcset=\"https:\/\/kassel-ebb.eu\/wp-content\/uploads\/2019\/10\/Euro_Licht_Schatten-e1572123329223-300x205.jpg 300w, https:\/\/kassel-ebb.eu\/wp-content\/uploads\/2019\/10\/Euro_Licht_Schatten-e1572123329223-768x524.jpg 768w, https:\/\/kassel-ebb.eu\/wp-content\/uploads\/2019\/10\/Euro_Licht_Schatten-e1572123329223-1024x698.jpg 1024w, https:\/\/kassel-ebb.eu\/wp-content\/uploads\/2019\/10\/Euro_Licht_Schatten-e1572123329223.jpg 1100w\" sizes=\"auto, (max-width: 300px) 100vw, 300px\" \/><\/figure>\n\n\n\n<p><strong>Spendenkonto bei der Europa-Union Kassel:<\/strong><br><strong>Kasseler Sparkasse<br>IBAN: DE 46 5205 0353 0203 0018 77<br>BIC: HELADEF1KAS<\/strong><br><strong>Verwendungszweck: EBB 2024<\/strong><\/p>\n","protected":false},"excerpt":{"rendered":"<p>Spenden Um uns in unserer ehrenamtlichen Arbeit zu unterst\u00fctzen, m\u00fcssen Sie nicht zu unseren Orga-Treffen kommen, einen EU-B\u00fcrger bei sich aufnehmen oder sonst aktiv werden (das d\u00fcrfen Sie nat\u00fcrlich trotzdem gerne). Sie helfen uns schon, wenn Sie mit einer Spende auf das unten genannte Konto zur Organisation der EBB beitragen. Spendenkonto bei der Europa-Union Kassel:Kasseler [&hellip;]<\/p>\n","protected":false},"author":2,"featured_media":0,"parent":0,"menu_order":0,"comment_status":"closed","ping_status":"closed","template":"page-no-title","meta":{"_mc_calendar":[],"footnotes":""},"class_list":["post-310","page","type-page","status-publish","hentry"],"_links":{"self":[{"href":"https:\/\/kassel-ebb.eu\/de\/wp-json\/wp\/v2\/pages\/310","targetHints":{"allow":["GET"]}}],"collection":[{"href":"https:\/\/kassel-ebb.eu\/de\/wp-json\/wp\/v2\/pages"}],"about":[{"href":"https:\/\/kassel-ebb.eu\/de\/wp-json\/wp\/v2\/types\/page"}],"author":[{"embeddable":true,"href":"https:\/\/kassel-ebb.eu\/de\/wp-json\/wp\/v2\/users\/2"}],"replies":[{"embeddable":true,"href":"https:\/\/kassel-ebb.eu\/de\/wp-json\/wp\/v2\/comments?post=310"}],"version-history":[{"count":0,"href":"https:\/\/kassel-ebb.eu\/de\/wp-json\/wp\/v2\/pages\/310\/revisions"}],"wp:attachment":[{"href":"https:\/\/kassel-ebb.eu\/de\/wp-json\/wp\/v2\/media?parent=310"}],"curies":[{"name":"wp","href":"https:\/\/api.w.org\/{rel}","templated":true}]}}