{"id":3084,"date":"2022-06-28T15:27:35","date_gmt":"2022-06-28T13:27:35","guid":{"rendered":"https:\/\/dev-eb2.abraxis-kassel.de\/?page_id=3084"},"modified":"2022-07-02T14:47:10","modified_gmt":"2022-07-02T12:47:10","slug":"jugend-fur-europa-beteiligung-und-partizipation-von-jungen-menschen-in-der-eu-2","status":"publish","type":"page","link":"https:\/\/kassel-ebb.eu\/de\/jugend-fur-europa-beteiligung-und-partizipation-von-jungen-menschen-in-der-eu-2\/","title":{"rendered":"Jugend f\u00fcr Europa \u2013Beteiligung und Partizipation von jungen Menschen in der EU"},"content":{"rendered":"\n<p><a href=\"https:\/\/lets-meet.org\/reg\/202712627a3c302d79\" target=\"_blank\" rel=\"noopener\">Zur Anmeldung<\/a><\/p>\n\n\n\n<p>Europas Jugend ist laut und redet mit. Egal, ob bei Fridays for Future, Black Lives Matter oder in Partei-Jugend-Organisationen, junge Menschen m\u00f6chten bei der Gestaltung ihrer Zukunft und ihrer Gegenwart mitreden und mitentscheiden. Dieser Workshop besch\u00e4ftigt sich mit verschiedenen sozialen Bewegungen und Beteiligungsm\u00f6glichkeiten f\u00fcr junge Menschen in Europa, um Politik aktiv mitzugestalten.<\/p>\n\n\n\n<p>Youth for Europe &#8211; Involvement and Participation of Young People in the EU<\/p>\n\n\n\n<p>Europe&#8217;s youth is loud and wants to have its say. No matter whether they join Fridays for Future, Black Lives Matter or political party youth organizations, young people want to have their say in shaping their future and present. This workshop deals with different social movements and participation formats for young people in Europe and with the question of how they can actively shape politics.<\/p>\n\n\n\n<p>Jeunes europ\u00e9ennes \u2013 La participation politique des jeunes dans l&#8217;UE<\/p>\n\n\n\n<p>Les jeunes d&#8217;Europe sont bruyants et engag\u00e9. N\u00b4importe ce ils participes aux mouvement Fridays for Future, Black Lives Matter ou dans les jeunes partis, les jeunes veulent participer \u00e0 la construction de leur avenir et de leur pr\u00e9sent. Cet atelier s\u00b4occupe avec les diff\u00e9rents mouvements sociaux&nbsp; en Europa et avec les possibilit\u00e9s de participation pour la jeunesse en Europe pour influencer activement la politique europ\u00e9enne.<\/p>\n\n\n\n<p>Giovent\u00f9 per l&#8217;Europa \u2013 La partecipazione dei giovani alla politica europea<\/p>\n\n\n\n<p>I giovani europei sono forti e vogliono essere coinvolti. Fridays for Future, Black Lives Matter oppure nell\u2019organizzazione giovanile del partito. I giovani vogliono essere influenti e partecipare alle decisioni sul loro futuro e il loro presente. Questo workshop tratter\u00e1 dei diversi movimenti sociali e le opportunit\u00e0 di partecipazione per i giovani in Europa.<\/p>\n\n\n\n<p><a href=\"https:\/\/lets-meet.org\/reg\/202712627a3c302d79\" target=\"_blank\" rel=\"noopener\">Anmeldung<\/a><\/p>\n","protected":false},"excerpt":{"rendered":"<p>Zur Anmeldung Europas Jugend ist laut und redet mit. Egal, ob bei Fridays for Future, Black Lives Matter oder in Partei-Jugend-Organisationen, junge Menschen m\u00f6chten bei der Gestaltung ihrer Zukunft und ihrer Gegenwart mitreden und mitentscheiden. Dieser Workshop besch\u00e4ftigt sich mit verschiedenen sozialen Bewegungen und Beteiligungsm\u00f6glichkeiten f\u00fcr junge Menschen in Europa, um Politik aktiv mitzugestalten. Youth [&hellip;]<\/p>\n","protected":false},"author":5,"featured_media":0,"parent":0,"menu_order":0,"comment_status":"closed","ping_status":"closed","template":"","meta":{"_mc_calendar":[],"footnotes":""},"class_list":["post-3084","page","type-page","status-publish","hentry"],"_links":{"self":[{"href":"https:\/\/kassel-ebb.eu\/de\/wp-json\/wp\/v2\/pages\/3084","targetHints":{"allow":["GET"]}}],"collection":[{"href":"https:\/\/kassel-ebb.eu\/de\/wp-json\/wp\/v2\/pages"}],"about":[{"href":"https:\/\/kassel-ebb.eu\/de\/wp-json\/wp\/v2\/types\/page"}],"author":[{"embeddable":true,"href":"https:\/\/kassel-ebb.eu\/de\/wp-json\/wp\/v2\/users\/5"}],"replies":[{"embeddable":true,"href":"https:\/\/kassel-ebb.eu\/de\/wp-json\/wp\/v2\/comments?post=3084"}],"version-history":[{"count":0,"href":"https:\/\/kassel-ebb.eu\/de\/wp-json\/wp\/v2\/pages\/3084\/revisions"}],"wp:attachment":[{"href":"https:\/\/kassel-ebb.eu\/de\/wp-json\/wp\/v2\/media?parent=3084"}],"curies":[{"name":"wp","href":"https:\/\/api.w.org\/{rel}","templated":true}]}}